{"id":13532,"date":"2019-10-08T18:08:24","date_gmt":"2019-10-08T18:08:24","guid":{"rendered":"https:\/\/residenciaminmaculadase.com\/?page_id=13532"},"modified":"2019-10-08T18:19:11","modified_gmt":"2019-10-08T18:19:11","slug":"politica-de-privacidad","status":"publish","type":"page","link":"https:\/\/residenciaminmaculadase.com\/index.php\/politica-de-privacidad\/","title":{"rendered":"Pol\u00edtica de privacidad"},"content":{"rendered":"<p><b>1.- IDENTIFICACI\u00d3N DEL TITULAR E INFORMACI\u00d3N GENERAL<\/b><\/p>\n<ul>\n<li>Titular:\u00a0<b>RESIDENCIAS DE LAS RELIGIOSAS DE MAR\u00cdA INMACULADA<\/b>, (en adelante, \u201c<b>LA RESIDENCIA<\/b>\u201d)<\/li>\n<li>Domicilio social: C\/Jes\u00fas de la Veracruz, 10, 41002, Sevilla.<\/li>\n<li>CIF: R4100199A<\/li>\n<li>Registro P\u00fablico: (\u2026)<\/li>\n<li>E-mail:\u00a0<a href=\"mailto:resid.sevilla.es@religiosasmariainmaculada.org\">resid.sevilla.es@religiosasmariainmaculada.org<\/a><\/li>\n<\/ul>\n<p>&nbsp;<\/p>\n<p><b>2.- INFORMACI\u00d3N Y CONSENTIMIENTO<\/b><\/p>\n<p>De conformidad con la normativa aplicable en materia de protecci\u00f3n de datos, mediante la aceptaci\u00f3n de la presente Pol\u00edtica de Privacidad, el usuario presta su consentimiento informado, expreso, libre e inequ\u00edvoco para que los datos personales que proporcione a trav\u00e9s de la navegaci\u00f3n en la p\u00e1gina web de la\u00a0<b>RESIDENCIA<\/b>\u00a0sean tratados por el Titular de la misma de conformidad con las finalidades indicadas a continuaci\u00f3n en la presente Pol\u00edtica de Privacidad.<\/p>\n<p>&nbsp;<\/p>\n<p><b>3.- OBLIGATORIEDAD DE FACILITAR LOS DATOS<\/b><\/p>\n<p>Los datos solicitados en los formularios dispuestos en el Sitio Web son con car\u00e1cter general, obligatorios (salvo que en el campo requerido se especifique lo contrario) para cumplir con las finalidades establecidas.<\/p>\n<p>Por lo tanto, si no se facilitan los mismos o no se facilitan correctamente no podr\u00e1n atenderse las solicitudes de los usuarios.<\/p>\n<p>&nbsp;<\/p>\n<p><b>4.- \u00bfQU\u00c9 INFORMACI\u00d3N Y DATOS PERSONALES RECABAMOS?<\/b><\/p>\n<p><b>LA RESIDENCIA<\/b>\u00a0tratar\u00e1 los datos que se soliciten y, en todo caso, aquellos que se indiquen como obligatorios en los formularios web habilitados:<\/p>\n<ul>\n<li>Datos identificativos: nombre, apellidos, DNI de la residente.<\/li>\n<li>Datos de contacto: direcci\u00f3n de correo electr\u00f3nico, domicilio, tel\u00e9fono de la residente.<\/li>\n<li>Datos identificativos de los padres\/tutores.<\/li>\n<li>Datos de contacto de los padres\/tutores.<\/li>\n<li>Datos de empleo de los padres\/tutores.<\/li>\n<li>Datos acad\u00e9micos de la residente.<\/li>\n<\/ul>\n<p>En caso de que el Usuario facilite datos de terceros, manifiesta contar con el consentimiento de los mismos y se compromete a trasladar al interesado, titular de dichos datos, la informaci\u00f3n contenida en la Pol\u00edtica de Privacidad, eximiendo a la<b>\u00a0RESIDENCIA<\/b>\u00a0de cualquier responsabilidad en este sentido. No obstante,\u00a0<b>LA RESIDENCIA<\/b>\u00a0podr\u00e1 llevar a cabo las verificaciones necesarias para constatar este hecho, adoptando las medidas de diligencia debida que correspondan, conforme a la normativa vigente en materia de protecci\u00f3n de datos.<\/p>\n<p>&nbsp;<\/p>\n<p><b>5.- \u00bfCON QU\u00c9 FINALIDADES SOLICITAMOS SU INFORMACI\u00d3N?<\/b><\/p>\n<p>Los datos personales que tratamos a trav\u00e9s de la p\u00e1gina web de la\u00a0<b>RESIDENCIA<\/b>\u00a0ser\u00e1n utilizados para las siguientes finalidades:<\/p>\n<ul>\n<li>Gesti\u00f3n y remisi\u00f3n de comunicaciones informativas. Se tratar\u00e1n con la finalidad de recibir, gestionar, tramitar y dar respuesta a las consultas y solicitudes de informaci\u00f3n que nos env\u00ede a trav\u00e9s de los medios de contacto web.<\/li>\n<li>Formulario de contacto con las Residencias de RMI.<\/li>\n<li>Formulario de solicitud de plaza en las Residencias de RMI.<\/li>\n<\/ul>\n<p>&nbsp;<\/p>\n<p><b>6.- LEGITIMACI\u00d3N DEL TRATAMIENTO Y PLAZO DE CONSERVACI\u00d3N DE SUS DATOS<\/b><\/p>\n<p>El tratamiento de sus datos con la finalidad de registrar al usuario como miembro residente de RMI, se basa en la ejecuci\u00f3n del contrato que usted est\u00e1 formalizando mediante la aceptaci\u00f3n de la presente Pol\u00edtica de Privacidad.<\/p>\n<p>En relaci\u00f3n con el tratamiento para la remisi\u00f3n de boletines informativos y comunicaciones informativas relacionadas con los servicios de la\u00a0<b>RESIDENCIA<\/b>\u00a0se basan en el consentimiento prestado por el usuario, y en el inter\u00e9s leg\u00edtimo en los supuestos de inscripci\u00f3n de miembros, permiti\u00e9ndose al usuario realizar la oposici\u00f3n a este tratamiento en todo momento.<\/p>\n<p>Los datos tratados ser\u00e1n conservados durante el tiempo necesario para la realizaci\u00f3n de las finalidades para las que fueron recogidos, esto es para la prestaci\u00f3n de los servicios y, con posterioridad, hasta la prescripci\u00f3n de las eventuales responsabilidades derivadas. No obstante, el usuario podr\u00e1 revocar en cualquier momento su consentimiento, en los supuestos se\u00f1alados, si bien ello no afectar\u00e1 a la licitud de los tratamientos efectuados con anterioridad.<\/p>\n<p>&nbsp;<\/p>\n<p><b>7.- COMUNICACIONES INFORMATIVAS<\/b><\/p>\n<p>Una de las finalidades para las que tratamos los datos personales proporcionados por parte de los usuarios es para remitirles, desde\u00a0<b>LA RESIDENCIA<\/b>, comunicaciones electr\u00f3nicas con informaci\u00f3n relativa a noticias o actividades relacionadas con la misma.<\/p>\n<p>Siempre que realicemos alguna comunicaci\u00f3n de este tipo, \u00e9sta ser\u00e1 dirigida \u00fanica y exclusivamente a aquellos usuarios que hubieran autorizado previamente la recepci\u00f3n de las mismas aceptando la presente Pol\u00edtica de Privacidad, y en los supuestos de inscripci\u00f3n de miembros de RMI, se dirigir\u00e1n a aquellos usuarios que no se hayan opuesto a su remisi\u00f3n: de conformidad con lo establecido en la Ley 34\/2002 de 11 de julio, de Servicios de la Sociedad de la Informaci\u00f3n y del Comercio Electr\u00f3nico, en el caso de que el usuario desee oponerse al env\u00edo de comunicaciones informativas por parte de la\u00a0<b>RESIDENCIA,<\/b>\u00a0puede solicitar la baja del servicio enviando un email a la siguiente direcci\u00f3n de correo electr\u00f3nico:\u00a0<a href=\"mailto:resid.sevilla.es@religiosasmariainmaculada.org\">resid.sevilla.es@religiosasmariainmaculada.org<\/a><\/p>\n<p>&nbsp;<\/p>\n<p><b>8.- COMUNICACI\u00d3N DE LOS DATOS A TERCEROS<\/b><\/p>\n<p>Le informamos que\u00a0<b>LA RESIDENCIA<\/b>, de manera expresa, en los supuestos que colabore o participe en determinadas acciones, proceder\u00e1 a ceder sus datos a los bancos y organismos p\u00fablicos legalmente habilitados de acuerdo con la normativa legal vigente y para la gesti\u00f3n corporativa de la informaci\u00f3n.<\/p>\n<p>&nbsp;<\/p>\n<p><b>9.- VERACIDAD DE LOS DATOS<\/b><\/p>\n<p>El usuario garantiza que es mayor de edad, salvo en el supuesto de participaci\u00f3n de menores en iniciativas de la\u00a0<b>RESIDENCIA<\/b>\u00a0en cuyo caso es preceptivo garantizar una edad superior a 14 a\u00f1os para poder aceptar la presente pol\u00edtica de privacidad, y que los datos aportados son verdaderos, exactos, completos y actualizados, siendo el usuario responsable de cualquier da\u00f1o o perjuicio, directo o indirecto, que pudiera ocasionarse como consecuencia del incumplimiento de tal obligaci\u00f3n. En el caso de que los datos aportados pertenecieran a un tercero, el usuario garantiza que ha informado a dicho tercero de los aspectos contenidos en este documento y obtenido su autorizaci\u00f3n para facilitar sus datos a la\u00a0<b>RESIDENCIA<\/b>\u00a0para los fines se\u00f1alados.<\/p>\n<p>&nbsp;<\/p>\n<p><b>10.- EJERCICIO DE DERECHOS<\/b><\/p>\n<p>El usuario puede enviar un escrito a la\u00a0<b>RESIDENCIA<\/b>\u00a0a la direcci\u00f3n indicada en el encabezado de la presente Pol\u00edtica, o bien por medio de un correo electr\u00f3nico a la direcci\u00f3n\u00a0<a href=\"mailto:resid.sevilla.es@religiosasmariainmaculada.org\">resid.sevilla.es@religiosasmariainmaculada.org<\/a>, adjuntando fotocopia de su documento de identidad, en cualquier momento y de manera gratuita, para:<\/p>\n<ul>\n<li>Revocar los consentimientos otorgados.<\/li>\n<li>Obtener informaci\u00f3n acerca de si en\u00a0<b>LA RESIDENCIA<\/b>\u00a0se est\u00e1n tratando datos personales que conciernen al usuario o no.<\/li>\n<li>Acceder a sus datos personales.<\/li>\n<li>Rectificar datos inexactos o incompletos.<\/li>\n<li>Solicitar la supresi\u00f3n de sus datos cuando, entre otros motivos, los datos no sean necesarios para los fines que fueron recogidos.<\/li>\n<li>Obtener de la\u00a0<b>RESIDENCIA<\/b>\u00a0la limitaci\u00f3n del tratamiento de los datos cuando se cumpla alguna de las condiciones previstas en la normativa de protecci\u00f3n de datos.<\/li>\n<li>Solicitar la portabilidad de los datos facilitados por el Usuario en aquellos casos previstos en la normativa.<\/li>\n<li>Interponer una reclamaci\u00f3n relativa a la protecci\u00f3n de sus datos personales ante la Agencia Espa\u00f1ola de Protecci\u00f3n de Datos en la direcci\u00f3n Calle de Jorge Juan, 6, 28001 Madrid, cuando el interesado considere que\u00a0<b>LA RESIDENCIA<\/b>\u00a0haya vulnerado los derechos que le son reconocidos por la normativa aplicable en protecci\u00f3n de datos.<\/li>\n<\/ul>\n<p>&nbsp;<\/p>\n<p><b>11.- MEDIDAS DE SEGURIDAD.<\/b><\/p>\n<p>Por \u00faltimo, le informamos que\u00a0<b>LA RESIDENCIA<\/b>\u00a0tratar\u00e1 sus datos en todo momento de forma absolutamente confidencial y guardando el preceptivo deber de secreto respecto de los mismos, de conformidad con lo previsto en la normativa de aplicaci\u00f3n, adoptando al efecto las medidas de \u00edndole t\u00e9cnica y organizativas necesarias que garanticen la seguridad de sus datos y eviten su alteraci\u00f3n, p\u00e9rdida, tratamiento o acceso no autorizado, habida cuenta del estado de la tecnolog\u00eda, la naturaleza de los datos almacenados y los riesgos a los que est\u00e1n expuestos.<\/p>\n","protected":false},"excerpt":{"rendered":"<p>1.- IDENTIFICACI\u00d3N DEL TITULAR E INFORMACI\u00d3N GENERAL Titular:\u00a0RESIDENCIAS DE LAS RELIGIOSAS DE MAR\u00cdA [&hellip;]<\/p>\n","protected":false},"author":2,"featured_media":0,"parent":0,"menu_order":0,"comment_status":"closed","ping_status":"closed","template":"","meta":{"_bbp_topic_count":0,"_bbp_reply_count":0,"_bbp_total_topic_count":0,"_bbp_total_reply_count":0,"_bbp_voice_count":0,"_bbp_anonymous_reply_count":0,"_bbp_topic_count_hidden":0,"_bbp_reply_count_hidden":0,"_bbp_forum_subforum_count":0},"acf":[],"_links":{"self":[{"href":"https:\/\/residenciaminmaculadase.com\/index.php\/wp-json\/wp\/v2\/pages\/13532"}],"collection":[{"href":"https:\/\/residenciaminmaculadase.com\/index.php\/wp-json\/wp\/v2\/pages"}],"about":[{"href":"https:\/\/residenciaminmaculadase.com\/index.php\/wp-json\/wp\/v2\/types\/page"}],"author":[{"embeddable":true,"href":"https:\/\/residenciaminmaculadase.com\/index.php\/wp-json\/wp\/v2\/users\/2"}],"replies":[{"embeddable":true,"href":"https:\/\/residenciaminmaculadase.com\/index.php\/wp-json\/wp\/v2\/comments?post=13532"}],"version-history":[{"count":4,"href":"https:\/\/residenciaminmaculadase.com\/index.php\/wp-json\/wp\/v2\/pages\/13532\/revisions"}],"predecessor-version":[{"id":13536,"href":"https:\/\/residenciaminmaculadase.com\/index.php\/wp-json\/wp\/v2\/pages\/13532\/revisions\/13536"}],"wp:attachment":[{"href":"https:\/\/residenciaminmaculadase.com\/index.php\/wp-json\/wp\/v2\/media?parent=13532"}],"curies":[{"name":"wp","href":"https:\/\/api.w.org\/{rel}","templated":true}]}}