{"id":13527,"date":"2019-10-08T17:50:42","date_gmt":"2019-10-08T17:50:42","guid":{"rendered":"https:\/\/residenciaminmaculadase.com\/?page_id=13527"},"modified":"2019-10-08T18:06:35","modified_gmt":"2019-10-08T18:06:35","slug":"politica-de-cookies","status":"publish","type":"page","link":"https:\/\/residenciaminmaculadase.com\/index.php\/politica-de-cookies\/","title":{"rendered":"Pol\u00edtica de cookies"},"content":{"rendered":"<article class=\"art-post\">\n<div class=\"art-postcontent clearfix\">\n<div class=\"art-article\">\n<p>Esta Pol\u00edtica de Cookies es parte integrante del Aviso Legal y la Pol\u00edtica de Privacidad de la p\u00e1gina web\u00a0<a href=\"https:\/\/residenciaminmaculadase.com\">https:\/\/residenciaminmaculadase.com<\/a>\u00a0(en adelante, el \u201c<b>Sitio Web<\/b>\u201d). El acceso y la navegaci\u00f3n en el Sitio Web, o el uso de los servicios del mismo, implican la aceptaci\u00f3n de los t\u00e9rminos y condiciones recogido en el Aviso Legal y en la Pol\u00edtica de Privacidad.<\/p>\n<p>Con el fin de facilitar la navegaci\u00f3n por el Sitio Web,\u00a0<b>RESIDENCIA MAR\u00cdA INMACULADA SEVILLA<\/b>, como titular del mismo, con domicilio en C\/ Jes\u00fas de la Veracruz, 10, 41002, Sevilla, le comunica que utiliza cookies u otros dispositivos de almacenamiento y recuperaci\u00f3n de datos de funcionalidad similar (en adelante, las \u201c<b>Cookies<\/b>\u201d).<\/p>\n<p>En este sentido y con el objetivo de garantizar al Usuario toda la informaci\u00f3n necesaria para su correcta navegaci\u00f3n, ponemos a disposici\u00f3n del Usuario el siguiente texto informativo sobre qu\u00e9 son las cookies, qu\u00e9 tipolog\u00eda de cookies existen en nuestro Sitio Web y c\u00f3mo es posible configurarlas o deshabilitarlas.<\/p>\n<p>&nbsp;<\/p>\n<p><b>1.<\/b><b>\u00bfQU\u00c9 ES UNA COOKIE?<\/b><\/p>\n<p>Las Cookies son archivos que contienen peque\u00f1as cantidades de informaci\u00f3n que se descargan en el dispositivo del Usuario cuando visita una p\u00e1gina web. Su finalidad principal es reconocer al usuario cada vez que accede al Sitio Web permitiendo, adem\u00e1s, mejorar la calidad y ofrecer un mejor uso del Sitio Web.<\/p>\n<p>Las Cookies son esenciales para el funcionamiento de Internet; no pueden da\u00f1ar el equipo\/dispositivo del usuario y, si se encuentran activadas en la configuraci\u00f3n de su navegador, ayudan a identificar y resolver posibles errores de funcionamiento del Sitio Web.<\/p>\n<p>&nbsp;<\/p>\n<p><b>2.<\/b><b>USO DE COOKIES POR PARTE DEL PRESTADOR<\/b><\/p>\n<p>Mediante el acceso al Sitio Web, acepta de manera expresa la utilizaci\u00f3n de este tipo de Cookies en sus dispositivos. Si desactiva las Cookies, puede que su navegaci\u00f3n por el Sitio Web no sea \u00f3ptima y algunas de las utilidades de que dispone el Sitio Web no funcionen correctamente.<\/p>\n<p>Concretamente, el prestador est\u00e1 utilizando las Cookies para las finalidades que a continuaci\u00f3n se exponen. Si en un futuro el prestador utilizase otras con el prop\u00f3sito de otorgar m\u00e1s y mejores servicios, se informar\u00e1 al usuario de ello.<\/p>\n<p>&nbsp;<\/p>\n<p><b>3.\u00a0\u00a0<\/b><b>COOKIES T\u00c9NICAS<\/b><\/p>\n<p>Aquellas que permiten al usuario la navegaci\u00f3n a trav\u00e9s del Sitio Web y la utilizaci\u00f3n de las diferentes opciones y servicios que en ella existan.<\/p>\n<p>&nbsp;<\/p>\n<p><b>4.\u00a0\u00a0<\/b><b>COOKIES ANAL\u00cdTICAS DE GOOGLE ANALYTICS<\/b><\/p>\n<p><b>\u00a0<\/b>RESIDENCIA MAR\u00cdA INMACULADA SEVILLA, a trav\u00e9s del Sitio web\u00a0<a href=\"https:\/\/residenciaminmaculadase.com\">https:\/\/residenciaminmaculadase.com<\/a>\u00a0utiliza Google Analytics, servicio prestado por Google, Inc., entidad cuya oficina principal est\u00e1 en 1600 Amphitheatre Parkway, Mountain View (California), CA 94043, Estados Unidos (\u201cGoogle\u201d).<\/p>\n<p>Google Analytics utiliza Cookies con el prop\u00f3sito de analizar el uso que hacen los usuarios del Sitio Web. La informaci\u00f3n que genera la Cookie (incluyendo su direcci\u00f3n IP) ser\u00e1 directamente transmitida y archivada por Google en sus servidores de Estados Unidos. Google usar\u00e1 esta informaci\u00f3n por cuenta de RELIGIOSAS DE MAR\u00cdA INMACULADA con el prop\u00f3sito de seguir la pista de su uso del sitio, recopilando de la actividad del sitio y prestando otros servicios relacionados con la actividad del Sitio Web y el uso de Internet, Google podr\u00e1 transmitir dicha informaci\u00f3n a terceros cuando as\u00ed se lo requiera la legislaci\u00f3n, o cuando dichos terceros traten la informaci\u00f3n por cuenta de Google. Google no asociar\u00e1 su direcci\u00f3n IP con ning\u00fan otro dato del que disponga.<\/p>\n<p>Al utilizar este sitio consiente el tratamiento de su informaci\u00f3n por Google en la forma y para los fines arriba indicados.<\/p>\n<p>Estas son las Cookies que se utilizan en el Sitio Web:<\/p>\n<table border=\"1\" cellspacing=\"0\" cellpadding=\"0\">\n<tbody>\n<tr>\n<td colspan=\"4\"><b>COOKIES GOOGLE ANAL\u00cdTICAS<\/b><\/td>\n<\/tr>\n<tr>\n<td><b>Nombre<\/b><\/td>\n<td><b>Proveedor<\/b><\/td>\n<td><b>Finalidad<\/b><\/td>\n<td><b>Duraci\u00f3n<\/b><\/td>\n<\/tr>\n<tr>\n<td><b>_gid<\/b><\/td>\n<td>Google<\/td>\n<td>Se usa para distinguir a los usuarios<\/td>\n<td>24 horas<\/td>\n<\/tr>\n<tr>\n<td><b>_gat<\/b><\/td>\n<td>Google<\/td>\n<td>Se usa para limitar el porcentaje de solicitudes.<\/td>\n<td>1 minuto<\/td>\n<\/tr>\n<tr>\n<td><b>_ga<\/b><\/td>\n<td>Google<\/td>\n<td>Se usa para distinguir a los usuarios.<\/td>\n<td>2 a\u00f1os<\/td>\n<\/tr>\n<\/tbody>\n<\/table>\n<p>Si desea m\u00e1s informaci\u00f3n al respecto, puede visitar la siguiente URL\u00a0<a href=\"http:\/\/www.google.com\/intl\/es\/analytics\/\">http:\/\/www.google.com\/intl\/es\/analytics\/<\/a>.<\/p>\n<p><b>5.\u00a0\u00a0<\/b><b>BLOQUEO DE COOKIES<\/b><\/p>\n<p>Puede bloquear las Cookies a trav\u00e9s de las herramientas de configuraci\u00f3n del navegador, o bien, puede configurar su navegador para que le avise cuando un servidor quiera guardar una Cookie:<\/p>\n<p>a)\u00a0Si utiliza Microsoft Internet Explorer, encontrar\u00e1 la opci\u00f3n en el men\u00fa Herramientas &gt; Opciones de Internet &gt; Privacidad &gt; Configuraci\u00f3n. Para saber m\u00e1s visite\u00a0<a href=\"http:\/\/windows.microsoft.com\/es-es\/windows-vista\/block-or-allow-Cookies\">http:\/\/windows.microsoft.com\/es-es\/windows-vista\/block-or-allow-Cookies<\/a>\u00a0y\u00a0<a href=\"http:\/\/windows.microsoft.com\/es-es\/windows7\/how-to-manage-Cookies-in-internet-explorer-9\">http:\/\/windows.microsoft.com\/es-es\/windows7\/how-to-manage-Cookies-in-internet-explorer-9<\/a>.<\/p>\n<p>b)\u00a0Si utiliza Firefox, encontrar\u00e1 la opci\u00f3n en el men\u00fa Herramientas &gt; Opciones &gt; Privacidad &gt; Cookies. Para saber m\u00e1s visite\u00a0<a href=\"http:\/\/support.mozilla.org\/es\/kb\/habilitar-y-deshabilitar-Cookies-que-los-sitios-we\">http:\/\/support.mozilla.org\/es\/kb\/habilitar-y-deshabilitar-Cookies-que-los-sitios-we<\/a>.<u><\/u><\/p>\n<p>c)\u00a0Si utiliza Chrome, en la secci\u00f3n de Opciones &gt; Opciones avanzadas &gt; Privacidad. Para saber m\u00e1s\u00a0<a href=\"https:\/\/support.google.com\/accounts\/answer\/61416?hl=es\">https:\/\/support.google.com\/accounts\/answer\/61416?hl=es<\/a>.<u>\u00a0<\/u><\/p>\n<p>d)\u00a0Si utiliza Opera, en la opci\u00f3n de Seguridad y Privacidad, podr\u00e1 configurar el navegador. Para saber m\u00e1s visite\u00a0<a href=\"http:\/\/help.opera.com\/Windows\/11.50\/es-ES\/cookies.html\">http:\/\/help.opera.com\/Windows\/11.50\/es-ES\/cookies.html<\/a>.<u><\/u><\/p>\n<p>e)\u00a0Si utiliza Safari encontrar\u00e1 la opci\u00f3n en el men\u00fa Preferencias\/Privacidad. M\u00e1s informaci\u00f3n en:\u00a0<a href=\"http:\/\/support.apple.com\/kb\/HT1677?viewlocale=es_ES\">http:\/\/support.apple.com\/kb\/HT1677?viewlocale=es_ES<\/a>.<u>\u00a0<\/u><\/p>\n<\/div>\n<\/div>\n<\/article>\n","protected":false},"excerpt":{"rendered":"<p>Esta Pol\u00edtica de Cookies es parte integrante del Aviso Legal y la Pol\u00edtica [&hellip;]<\/p>\n","protected":false},"author":2,"featured_media":0,"parent":0,"menu_order":0,"comment_status":"closed","ping_status":"closed","template":"","meta":{"_bbp_topic_count":0,"_bbp_reply_count":0,"_bbp_total_topic_count":0,"_bbp_total_reply_count":0,"_bbp_voice_count":0,"_bbp_anonymous_reply_count":0,"_bbp_topic_count_hidden":0,"_bbp_reply_count_hidden":0,"_bbp_forum_subforum_count":0},"acf":[],"_links":{"self":[{"href":"https:\/\/residenciaminmaculadase.com\/index.php\/wp-json\/wp\/v2\/pages\/13527"}],"collection":[{"href":"https:\/\/residenciaminmaculadase.com\/index.php\/wp-json\/wp\/v2\/pages"}],"about":[{"href":"https:\/\/residenciaminmaculadase.com\/index.php\/wp-json\/wp\/v2\/types\/page"}],"author":[{"embeddable":true,"href":"https:\/\/residenciaminmaculadase.com\/index.php\/wp-json\/wp\/v2\/users\/2"}],"replies":[{"embeddable":true,"href":"https:\/\/residenciaminmaculadase.com\/index.php\/wp-json\/wp\/v2\/comments?post=13527"}],"version-history":[{"count":4,"href":"https:\/\/residenciaminmaculadase.com\/index.php\/wp-json\/wp\/v2\/pages\/13527\/revisions"}],"predecessor-version":[{"id":13531,"href":"https:\/\/residenciaminmaculadase.com\/index.php\/wp-json\/wp\/v2\/pages\/13527\/revisions\/13531"}],"wp:attachment":[{"href":"https:\/\/residenciaminmaculadase.com\/index.php\/wp-json\/wp\/v2\/media?parent=13527"}],"curies":[{"name":"wp","href":"https:\/\/api.w.org\/{rel}","templated":true}]}}